{"id":1598,"date":"2022-06-10T07:11:28","date_gmt":"2022-06-10T06:11:28","guid":{"rendered":"https:\/\/parkplatzkontrolle.ch\/?page_id=1598"},"modified":"2023-05-02T13:21:17","modified_gmt":"2023-05-02T12:21:17","slug":"restaurant","status":"publish","type":"page","link":"https:\/\/parkplatzkontrolle.ch\/fr\/restaurant\/","title":{"rendered":"Restaurant"},"content":{"rendered":"<div data-elementor-type=\"wp-page\" data-elementor-id=\"1598\" class=\"elementor elementor-1598\">\n\t\t\t\t\t\t<section class=\"elementor-section elementor-top-section elementor-element elementor-element-562cd30c elementor-section-stretched elementor-section-full_width elementor-section-height-min-height elementor-section-items-top elementor-section-height-default\" data-id=\"562cd30c\" data-element_type=\"section\" data-e-type=\"section\" id=\"mytopdiv\" data-settings=\"{&quot;stretch_section&quot;:&quot;section-stretched&quot;,&quot;background_background&quot;:&quot;classic&quot;}\">\n\t\t\t\t\t\t\t<div class=\"elementor-background-overlay\"><\/div>\n\t\t\t\t\t\t\t<div class=\"elementor-container elementor-column-gap-no\">\n\t\t\t\t\t<div class=\"elementor-column elementor-col-33 elementor-top-column elementor-element elementor-element-2d3fe0fb\" data-id=\"2d3fe0fb\" data-element_type=\"column\" data-e-type=\"column\">\n\t\t\t<div class=\"elementor-widget-wrap\">\n\t\t\t\t\t\t\t<\/div>\n\t\t<\/div>\n\t\t\t\t<div class=\"elementor-column elementor-col-33 elementor-top-column elementor-element elementor-element-1f2ff29d\" data-id=\"1f2ff29d\" data-element_type=\"column\" data-e-type=\"column\">\n\t\t\t<div class=\"elementor-widget-wrap\">\n\t\t\t\t\t\t\t<\/div>\n\t\t<\/div>\n\t\t\t\t<div class=\"elementor-column elementor-col-33 elementor-top-column elementor-element elementor-element-501d139d\" data-id=\"501d139d\" data-element_type=\"column\" data-e-type=\"column\">\n\t\t\t<div class=\"elementor-widget-wrap elementor-element-populated\">\n\t\t\t\t\t\t<div class=\"elementor-element elementor-element-52708bfc elementor-widget elementor-widget-image\" data-id=\"52708bfc\" data-element_type=\"widget\" data-e-type=\"widget\" data-widget_type=\"image.default\">\n\t\t\t\t<div class=\"elementor-widget-container\">\n\t\t\t\t\t\t\t\t\t\t\t\t\t\t\t<img fetchpriority=\"high\" decoding=\"async\" width=\"940\" height=\"1024\" src=\"https:\/\/parkplatzkontrolle.ch\/wp-content\/uploads\/2021\/06\/PPK-Signet_weiss-940x1024.png\" class=\"attachment-large size-large wp-image-1053\" alt=\"\" srcset=\"https:\/\/parkplatzkontrolle.ch\/wp-content\/uploads\/2021\/06\/PPK-Signet_weiss-940x1024.png 940w, https:\/\/parkplatzkontrolle.ch\/wp-content\/uploads\/2021\/06\/PPK-Signet_weiss-276x300.png 276w, https:\/\/parkplatzkontrolle.ch\/wp-content\/uploads\/2021\/06\/PPK-Signet_weiss-768x836.png 768w, https:\/\/parkplatzkontrolle.ch\/wp-content\/uploads\/2021\/06\/PPK-Signet_weiss.png 1148w\" sizes=\"(max-width: 940px) 100vw, 940px\" \/>\t\t\t\t\t\t\t\t\t\t\t\t\t\t\t<\/div>\n\t\t\t\t<\/div>\n\t\t\t\t\t<\/div>\n\t\t<\/div>\n\t\t\t\t\t<\/div>\n\t\t<\/section>\n\t\t\t\t<section class=\"elementor-section elementor-top-section elementor-element elementor-element-90d78d9 elementor-section-boxed elementor-section-height-default elementor-section-height-default\" data-id=\"90d78d9\" data-element_type=\"section\" data-e-type=\"section\">\n\t\t\t\t\t\t<div class=\"elementor-container elementor-column-gap-no\">\n\t\t\t\t\t<div class=\"elementor-column elementor-col-100 elementor-top-column elementor-element elementor-element-91abbe6\" data-id=\"91abbe6\" data-element_type=\"column\" data-e-type=\"column\">\n\t\t\t<div class=\"elementor-widget-wrap elementor-element-populated\">\n\t\t\t\t\t\t<div class=\"elementor-element elementor-element-5342076 elementor-widget elementor-widget-heading\" data-id=\"5342076\" data-element_type=\"widget\" data-e-type=\"widget\" data-widget_type=\"heading.default\">\n\t\t\t\t<div class=\"elementor-widget-container\">\n\t\t\t\t\t<h1 class=\"elementor-heading-title elementor-size-default\">Nous avons la solution pour les voitures mal gar\u00e9es<\/h1>\t\t\t\t<\/div>\n\t\t\t\t<\/div>\n\t\t\t\t<div class=\"elementor-element elementor-element-a7b6e2a elementor-widget elementor-widget-text-editor\" data-id=\"a7b6e2a\" data-element_type=\"widget\" data-e-type=\"widget\" data-widget_type=\"text-editor.default\">\n\t\t\t\t<div class=\"elementor-widget-container\">\n\t\t\t\t\t\t\t\t\t<p>Les voitures mal gar\u00e9es bloquent sans arr\u00eat les places de parking destin\u00e9es \u00e0 vos clients ?  Vous pouvez y mettre fin tr\u00e8s facilement. Gr\u00e2ce \u00e0 notre application de contr\u00f4le des places de stationnement, il vous suffit de photographier rapidement le v\u00e9hicule stationn\u00e9 ill\u00e9galement et de nous transmettre l'image d'un simple glissement de doigt. Vous devrez payer une indemnit\u00e9 de 60 CHF. Pour vous, cela reste gratuit. Nous nous chargeons du travail et de la paperasse !\u00a0<\/p>\t\t\t\t\t\t\t\t<\/div>\n\t\t\t\t<\/div>\n\t\t\t\t<div class=\"elementor-element elementor-element-9ec2146 elementor-widget elementor-widget-heading\" data-id=\"9ec2146\" data-element_type=\"widget\" data-e-type=\"widget\" data-widget_type=\"heading.default\">\n\t\t\t\t<div class=\"elementor-widget-container\">\n\t\t\t\t\t<h4 class=\"elementor-heading-title elementor-size-default\">Vous souhaitez en savoir plus sur nos services gratuits ? Nous nous ferons un plaisir de r\u00e9pondre \u00e0 toutes vos questions.<\/h4>\t\t\t\t<\/div>\n\t\t\t\t<\/div>\n\t\t\t\t<div class=\"elementor-element elementor-element-141c221 elementor-widget elementor-widget-html\" data-id=\"141c221\" data-element_type=\"widget\" data-e-type=\"widget\" data-widget_type=\"html.default\">\n\t\t\t\t<div class=\"elementor-widget-container\">\n\t\t\t\t\t<div data-uniq='69f0d46d4c875' class='uniq-69f0d46d4c875 formcraft-css form-live align-left'><div class='form-logic'>[]<\/div><div class=\"fc-pagination-cover fc-pagination-1\">\n\t\t\t\t<div class=\"fc-pagination width-100\">\n\t\t\t\t\t<div class=\"pagination-trigger\" data-index=\"0\">\n\t\t\t\t\t\t<span class=\"page-number\"><span >1<\/span><\/span>\n\t\t\t\t\t\t<span class=\"page-name\">\u00c9tape 1<\/span>\n\t\t\t\t\t\t\n\t\t\t\t\t<\/div>\n\t\t\t\t<\/div>\n\t\t\t<\/div>\n\t\t\t\n\t\t\t<style scoped=\"scoped\" >\n\t\t\t@media (max-width : 480px) {\n\t\t\t\t.fc_modal-dialog-3 .fc-pagination-cover .fc-pagination\n\t\t\t\t{\n\t\t\t\t\tbackground-color: none !important;\n\t\t\t\t}\n\t\t\t}\n\t\t\t\t\t\t.formcraft-css .fc-form.fc-form-3 .form-element .submit-cover .submit-button,\n\t\t\t.formcraft-css .fc-form.fc-form-3 .form-element .fileupload-cover .button-file,\n\t\t\t.formcraft-css .fc-form.fc-form-3 .form-element .field-cover .button,\n\t\t\t.formcraft-datepicker .ui-datepicker-header,\n\t\t\t.formcraft-datepicker .ui-datepicker-title\n\t\t\t{\n\t\t\t\tbackground: #25387a;\n\t\t\t\tcolor: #fff;\n\t\t\t}\n\t\t\t.formcraft-datepicker td .ui-state-active,\n\t\t\t.formcraft-datepicker td .ui-state-hover,\n\t\t\t.formcraft-css .fc-form.fc-form-3 .form-element .slider-cover .ui-slider-range\n\t\t\t{\n\t\t\t\tbackground: #25387a;\n\t\t\t}\n\t\t\t#ui-datepicker-div.formcraft-datepicker .ui-datepicker-header,\n\t\t\t.formcraft-css .fc-form .field-cover>div.full hr\n\t\t\t{\n\t\t\t\tborder-color: #20316b;\n\t\t\t}\n\t\t\t#ui-datepicker-div.formcraft-datepicker .ui-datepicker-prev:hover,\n\t\t\t#ui-datepicker-div.formcraft-datepicker .ui-datepicker-next:hover,\n\t\t\t#ui-datepicker-div.formcraft-datepicker select.ui-datepicker-month:hover,\n\t\t\t#ui-datepicker-div.formcraft-datepicker select.ui-datepicker-year:hover\n\t\t\t{\n\t\t\t\tbackground-color: #20316b;\n\t\t\t}\n\t\t\t.formcraft-css .fc-pagination>div.active .page-number,\n\t\t\t.formcraft-css .form-cover-builder .fc-pagination>div:first-child .page-number\n\t\t\t{\n\t\t\t\tbackground-color: #25387a;\n\t\t\t\tcolor: #fff;\n\t\t\t}\n\t\t\t#ui-datepicker-div.formcraft-datepicker table.ui-datepicker-calendar th,\n\t\t\t#ui-datepicker-div.formcraft-datepicker table.ui-datepicker-calendar td.ui-datepicker-today a,\n\t\t\t.formcraft-css .fc-form.fc-form-3 .form-element .star-cover label,\n\t\t\thtml .formcraft-css .fc-form.label-floating .form-element .field-cover.has-focus>span,\n\t\t\t.formcraft-css .fc-form.fc-form-3 .form-element .customText-cover a,\n\t\t\t.formcraft-css .prev-next>div span:hover\n\t\t\t{\n\t\t\t\tcolor: #25387a;\n\t\t\t}\n\t\t\t.formcraft-css .fc-form.fc-form-3 .form-element .customText-cover a:hover\n\t\t\t{\n\t\t\t\tcolor: #20316b;\n\t\t\t}\n\t\t\thtml .formcraft-css .fc-form.fc-form-3.label-floating .form-element .field-cover > span\n\t\t\t{\n\t\t\t\tcolor: #000000;\n\t\t\t}\n\t\t\thtml .formcraft-css .fc-form .final-success .final-success-check {\n\t\t\t\tborder: 2px solid #000000;\n\t\t\t}\n\t\t\t.formcraft-css .fc-form.fc-form-3 .form-element .field-cover input[type=\"text\"],\n\t\t\t.formcraft-css .fc-form.fc-form-3 .form-element .field-cover input[type=\"email\"],\n\t\t\t.formcraft-css .fc-form.fc-form-3 .form-element .field-cover input[type=\"password\"],\n\t\t\t.formcraft-css .fc-form.fc-form-3 .form-element .field-cover input[type=\"tel\"],\n\t\t\t.formcraft-css .fc-form.fc-form-3 .form-element .field-cover textarea,\n\t\t\t.formcraft-css .fc-form.fc-form-3 .form-element .field-cover select,\n\t\t\t.formcraft-css .fc-form.fc-form-3 .form-element .field-cover .time-fields-cover,\n\t\t\t.formcraft-css .fc-form.fc-form-3 .form-element .field-cover .awesomplete ul\n\t\t\t{\n\t\t\t\tcolor: #0a0a0a;\n\t\t\t}\n\t\t\t.formcraft-css .fc-form.fc-form-3 .form-element .field-cover input[type=\"text\"],\n\t\t\t.formcraft-css .fc-form.fc-form-3 .form-element .field-cover input[type=\"password\"],\n\t\t\t.formcraft-css .fc-form.fc-form-3 .form-element .field-cover input[type=\"email\"],\n\t\t\t.formcraft-css .fc-form.fc-form-3 .form-element .field-cover input[type=\"radio\"],\n\t\t\t.formcraft-css .fc-form.fc-form-3 .form-element .field-cover input[type=\"checkbox\"],\n\t\t\t.formcraft-css .fc-form.fc-form-3 .form-element .field-cover input[type=\"tel\"],\n\t\t\t.formcraft-css .fc-form.fc-form-3 .form-element .field-cover select,\n\t\t\t.formcraft-css .fc-form.fc-form-3 .form-element .field-cover textarea\n\t\t\t{\n\t\t\t\tbackground-color: #fafafa;\n\t\t\t}\n\t\t\t.formcraft-css .fc-form.fc-form-3 .form-element .field-cover input[type=\"radio\"]:checked,\n\t\t\t.formcraft-css .fc-form.fc-form-3 .form-element .field-cover input[type=\"checkbox\"]:checked {\n\t\t\t\tborder-color: #20316b;\n\t\t\t\tbackground: #25387a;\t\t\t\t\n\t\t\t}\n\t\t\t.formcraft-css .fc-form.fc-form-3 .form-element .star-cover label .star\n\t\t\t{\n\t\t\t\ttext-shadow: 0px 1px 0px #20316b;\n\t\t\t}\n\t\t\t.formcraft-css .fc-form.fc-form-3 .form-element .slider-cover .ui-slider-range\n\t\t\t{\n\t\t\t\tbox-shadow: 0px 1px 1px #20316b inset;\n\t\t\t}\n\t\t\t.formcraft-css .fc-form.fc-form-3 .form-element .fileupload-cover .button-file\n\t\t\t{\n\t\t\t\tborder-color: #20316b;\n\t\t\t}\n\t\t\t.formcraft-css .fc-form.fc-form-3 .form-element .form-element-html input[type=\"password\"]:focus,\n\t\t\t.formcraft-css .fc-form.fc-form-3 .form-element .form-element-html input[type=\"email\"]:focus,\n\t\t\t.formcraft-css .fc-form.fc-form-3 .form-element .form-element-html input[type=\"tel\"]:focus,\n\t\t\t.formcraft-css .fc-form.fc-form-3 .form-element .form-element-html input[type=\"text\"]:focus,\n\t\t\t.formcraft-css .fc-form.fc-form-3 .form-element .form-element-html textarea:focus,\n\t\t\t.formcraft-css .fc-form.fc-form-3 .form-element .form-element-html select:focus\n\t\t\t{\n\t\t\t\tborder-color: #25387a;\n\t\t\t}\n\t\t\t.formcraft-css .fc-form.fc-form-3 .form-element .form-element-html .field-cover .is-read-only:focus {\n\t\t\t\tborder-color: #ccc;\n\t\t\t}\n\t\t\t.formcraft-css .fc-form.fc-form-3\t\t\t{\n\t\t\t\tfont-family: inherit;\n\t\t\t}\n\t\t\t@media (max-width : 480px) {\n\t\t\t\thtml .dedicated-page,\n\t\t\t\thtml .dedicated-page .formcraft-css .fc-pagination > div.active\n\t\t\t\t{\n\t\t\t\t\tbackground: none;\n\t\t\t\t}\n\t\t\t}\n\t\t<\/style>\n\t\t<div class=\"form-cover\">\n\t\t\t<form data-auto-scroll=\"\" data-no-message-redirect=\"\" data-thousand=\"\" data-decimal=\".\" data-delay=\"\" data-id=\"3\" class=\"fc-form fc-form-3 align- fc-temp-class save-form- dont-submit-hidden- icons-hide- disable-enter- label-placeholder field-border-visible frame-hidden remove-asterisk-false field-alignment-left\" style=\"width: 100%; color: #000000; font-size: 100%; background: none\" data-zvault=\"ccform0\" action=\"\">\n\t\t\t\t<div class=\"form-page form-page-0\" data-index=\"0\">\n\t\t\t\t\t\n\t\t\t\t\t<div class=\"form-page-content\">\n\t\t\t\t\t\t<div data-identifier=\"field3\" data-index=\"0\" style=\"width: 100%\" class=\"form-element form-element-field3 options-false index-false form-element-0 default-false form-element-type-oneLineText is-required-false odd -handle\">\n\t\t\t\t\t\t\t<div class=\"form-element-html\"><div ><label class=\"oneLineText-cover field-cover\"><span class=\"sub-label-false\"><span class=\"main-label\"><span >Entreprise<\/span><\/span><span class=\"sub-label\"><\/span><\/span><div><span class=\"error\"><\/span><input type=\"text\" placeholder=\"Entreprise\" make-read-only=\"false\" data-field-id=\"field3\" name=\"field3[]\" data-min-char=\"\" data-max-char=\"\" data-val-type=\"\" data-regexp=\"\" data-is-required=\"false\" data-allow-spaces=\"\" class=\"validation-lenient\" data-placement=\"right\" data-toggle=\"tooltip\" tooltip=\"\" data-trigger=\"focus\" data-html=\"true\" data-input-mask=\"\" data-mask-placeholder=\"\" data-original-title=\"\"><i class=\"formcraft-icon formcraft-icon-type-\"><\/i><\/div><\/label><\/div><\/div>\n\t\t\t\t\t\t\t\n\t\t\t\t\t\t<\/div><div data-identifier=\"field1\" data-index=\"1\" style=\"width: 50%\" class=\"even form-element form-element-field1 options-false index-false form-element-1 default-false form-element-type-oneLineText is-required-true -handle\">\n\t\t\t\t\t\t\t<div class=\"form-element-html\"><div ><label class=\"oneLineText-cover field-cover\"><span class=\"sub-label-false\"><span class=\"main-label\"><span >Nom de famille<\/span><\/span><span class=\"sub-label\"><\/span><\/span><div><span class=\"error\"><\/span><input type=\"text\" placeholder=\"Nom de famille\" make-read-only=\"false\" data-field-id=\"field1\" name=\"field1[]\" data-min-char=\"\" data-max-char=\"\" data-val-type=\"\" data-regexp=\"\" data-is-required=\"true\" data-allow-spaces=\"\" class=\"validation-lenient\" data-placement=\"right\" data-toggle=\"tooltip\" tooltip=\"\" title=\"Nom de famille\" data-trigger=\"focus\" data-html=\"true\" data-input-mask=\"\" data-mask-placeholder=\"\"><i class=\"formcraft-icon formcraft-icon-type-\"><\/i><\/div><\/label><\/div><\/div>\n\t\t\t\t\t\t\t\n\t\t\t\t\t\t<\/div><div data-identifier=\"field2\" data-index=\"2\" style=\"width: 50%\" class=\"form-element form-element-field2 options-false index-false form-element-2 default-false form-element-type-oneLineText is-required-true odd -handle\">\n\t\t\t\t\t\t\t<div class=\"form-element-html\"><div ><label class=\"oneLineText-cover field-cover\"><span class=\"sub-label-false\"><span class=\"main-label\"><span >Pr\u00e9nom<\/span><\/span><span class=\"sub-label\"><\/span><\/span><div><span class=\"error\"><\/span><input type=\"text\" placeholder=\"Pr\u00e9nom\" make-read-only=\"false\" data-field-id=\"field2\" name=\"field2[]\" data-min-char=\"\" data-max-char=\"\" data-val-type=\"\" data-regexp=\"\" data-is-required=\"true\" data-allow-spaces=\"\" class=\"validation-lenient\" data-placement=\"right\" data-toggle=\"tooltip\" tooltip=\"\" data-trigger=\"focus\" data-html=\"true\" data-input-mask=\"\" data-mask-placeholder=\"\" data-original-title=\"\"><i class=\"formcraft-icon formcraft-icon-type-\"><\/i><\/div><\/label><\/div><\/div>\n\t\t\t\t\t\t\t\n\t\t\t\t\t\t<\/div><div data-identifier=\"field10\" data-index=\"3\" style=\"width: 100%\" class=\"even form-element form-element-field10 options-false index-false form-element-3 default-false form-element-type-oneLineText is-required-true -handle\">\n\t\t\t\t\t\t\t<div class=\"form-element-html\"><div ><label class=\"oneLineText-cover field-cover\"><span class=\"sub-label-false\"><span class=\"main-label\"><span >Adresse<\/span><\/span><span class=\"sub-label\"><\/span><\/span><div><span class=\"error\"><\/span><input type=\"text\" placeholder=\"Adresse\" make-read-only=\"false\" data-field-id=\"field10\" name=\"field10[]\" data-min-char=\"\" data-max-char=\"\" data-val-type=\"\" data-regexp=\"\" data-is-required=\"true\" data-allow-spaces=\"\" class=\"validation-lenient\" data-placement=\"right\" data-toggle=\"tooltip\" tooltip=\"\" data-trigger=\"focus\" data-html=\"true\" data-input-mask=\"\" data-mask-placeholder=\"\" data-original-title=\"\"><i class=\"formcraft-icon formcraft-icon-type-\"><\/i><\/div><\/label><\/div><\/div>\n\t\t\t\t\t\t\t\n\t\t\t\t\t\t<\/div><div data-identifier=\"field11\" data-index=\"4\" style=\"width: 50%\" class=\"form-element form-element-field11 options-false index-false form-element-4 default-false form-element-type-email is-required-true odd -handle\">\n\t\t\t\t\t\t\t<div class=\"form-element-html\"><div ><label class=\"email-cover field-cover\"><span class=\"sub-label-true\"><span class=\"main-label\"><span >Courrier \u00e9lectronique<\/span><\/span><span class=\"sub-label\"><\/span><\/span><div><span class=\"error\"><\/span><input placeholder=\"Courrier \u00e9lectronique\" data-field-id=\"field11\" type=\"text\" data-val-type=\"email\" make-read-only=\"\" data-is-required=\"true\" name=\"field11\" class=\"validation-lenient\" data-placement=\"right\" data-toggle=\"tooltip\" tooltip=\"\" data-trigger=\"focus\" data-html=\"true\" data-original-title=\"\"><i class=\"formcraft-icon\">email<\/i><\/div><\/label><\/div><\/div>\n\t\t\t\t\t\t\t\n\t\t\t\t\t\t<\/div><div data-identifier=\"field7\" data-index=\"5\" style=\"width: 50%\" class=\"even form-element form-element-field7 options-false index-false form-element-5 default-false form-element-type-oneLineText is-required-true -handle\">\n\t\t\t\t\t\t\t<div class=\"form-element-html\"><div ><label class=\"oneLineText-cover field-cover\"><span class=\"sub-label-false\"><span class=\"main-label\"><span >Num\u00e9ro de t\u00e9l\u00e9phone<\/span><\/span><span class=\"sub-label\"><\/span><\/span><div><span class=\"error\"><\/span><input type=\"text\" placeholder=\"Num\u00e9ro de t\u00e9l\u00e9phone\" make-read-only=\"false\" data-field-id=\"field7\" name=\"field7[]\" data-min-char=\"\" data-max-char=\"\" data-val-type=\"\" data-regexp=\"\" data-is-required=\"true\" data-allow-spaces=\"\" class=\"validation-lenient\" data-placement=\"right\" data-toggle=\"tooltip\" tooltip=\"\" data-trigger=\"focus\" data-html=\"true\" data-input-mask=\"\" data-mask-placeholder=\"\" data-original-title=\"\" data-zvault=\"ccmonth\" data-zvault-parent=\"ccform0\"><i class=\"formcraft-icon formcraft-icon-type-\"><\/i><\/div><\/label><\/div><\/div>\n\t\t\t\t\t\t\t\n\t\t\t\t\t\t<\/div><div data-identifier=\"field12\" data-index=\"6\" style=\"width: 100%\" class=\"form-element form-element-field12 options-false index-false form-element-6 default-false form-element-type-textarea is-required-false odd -handle\">\n\t\t\t\t\t\t\t<div class=\"form-element-html\"><div ><label class=\"textarea-cover field-cover\"><span class=\"sub-label-false\"><span class=\"main-label\"><span >Vous souhaitez nous faire part de quelque chose ou nous poser une question sp\u00e9cifique ? Vous pouvez le faire dans ce champ. Sinon, vous pouvez le laisser vide.<\/span><\/span><span class=\"sub-label\"><\/span><\/span><div><span class=\"error\"><\/span><textarea data-field-id=\"field12\" placeholder=\"Vous souhaitez nous faire part de quelque chose ou nous poser une question sp\u00e9cifique ? Vous pouvez le faire dans ce champ. Sinon, vous pouvez le laisser vide.\" class=\"validation-lenient\" name=\"field12\" value=\"\" rows=\"5\" data-min-char=\"\" data-max-char=\"\" data-is-required=\"false\" data-placement=\"right\" data-toggle=\"tooltip\" tooltip=\"\" data-trigger=\"focus\" data-html=\"true\" data-original-title=\"\" style=\"min-height: 110.781px\"><\/textarea><div class=\"count-\"><span class=\"current-count\">0<\/span> \/ <span class=\"max-count\"><\/span><\/div><\/div><\/label><\/div><\/div>\n\t\t\t\t\t\t\t\n\t\t\t\t\t\t<\/div><div data-identifier=\"field14\" data-index=\"7\" style=\"width: 100%\" class=\"even form-element form-element-field14 options- index- form-element-7 default-false form-element-type-reCaptcha is-required-false -handle\">\n\t\t\t\t\t\t\t<div class=\"form-element-html\"><div ><div data-site-key=\"6Lf8eqEaAAAAABBV1vqsj-DHiIz0xfj8imkbC5UT\" class=\"captcha-placeholder\">reCaptcha v3<\/div><input type=\"hidden\" class=\"recaptcha-token\" name=\"recaptcha-token\"><\/div><\/div>\n\t\t\t\t\t\t\t\n\t\t\t\t\t\t<\/div><div data-identifier=\"field13\" data-index=\"8\" style=\"width: 100%\" class=\"form-element form-element-field13 options-false index-false form-element-8 default-false form-element-type-submit is-required-false odd -handle\">\n\t\t\t\t\t\t\t<div class=\"form-element-html\"><div ><div class=\"align-left wide-false submit-cover field-cover\"><button type=\"submit\" class=\"button submit-button\" data-zvault-parent=\"ccform0\"><span class=\"text\">Envoyer la demande<\/span><span class=\"spin-cover\"><i style=\"color:\" class=\"loading-icon icon-cog animate-spin\"><\/i><\/span><\/button><\/div><div class=\"submit-response\"><\/div><label ><input type=\"text\" class=\"required_field\" name=\"website\" autocomplete=\"maple-syrup-pot\"><\/label><\/div><\/div>\n\t\t\t\t\t\t\t\n\t\t\t\t\t\t<\/div>\n\t\t\t\t\t<\/div>\n\t\t\t\t<\/div>\n\t\t\t<input type=\"hidden\" name=\"trp-form-language\" value=\"fr\"\/><\/form>\n\t\t\t<div class=\"prev-next prev-next-1\" style=\"width: 100%; color: #000000; font-size: 100%; background: none\">\n\t\t\t\t<div><label><input type=\"text\" class=\"\"><\/label><span class=\"inactive page-prev\"><i class=\"formcraft-icon\">keyboard_arrow_left<\/i>Previous<\/span><\/div>\n\t\t\t\t<div><label><input type=\"text\" class=\"\"><\/label><span class=\"page-next\">Suivant<i class=\"formcraft-icon\">keyboard_arrow_right<\/i><\/span><\/div>\n\t\t\t<\/div>\n\t\t<\/div><a class=\"powered-by\" target=\"_blank\" href=\"http:\/\/formcraft-wp.com?source=pb\" rel=\"noopener\">FormCraft - G\u00e9n\u00e9rateur de formulaires WordPress<\/a><\/div>\t\t\t\t<\/div>\n\t\t\t\t<\/div>\n\t\t\t\t\t<\/div>\n\t\t<\/div>\n\t\t\t\t\t<\/div>\n\t\t<\/section>\n\t\t\t\t<\/div>","protected":false},"excerpt":{"rendered":"<p>Wir haben die L\u00f6sung f\u00fcr Falschparker Blockieren Falschparker r\u00fccklichtslos Parkpl\u00e4tze, welche f\u00fcr Ihre G\u00e4ste gedacht sind?&nbsp; Dem k\u00f6nnen Sie ganz einfach ein Ende setzen. Mit unserer Parkplatzkontrolle-App fotografieren Sie einfach schnell das illegal abgestellte Fahrzeug und \u00fcbermitteln uns das Bild per Fingerwisch. Es entsteht dabei eine Umtriebsentsch\u00e4digung von CHF 60.\u2013. F\u00fcr Sie bleibt das Ganze [&hellip;]<\/p>","protected":false},"author":7,"featured_media":0,"parent":0,"menu_order":0,"comment_status":"closed","ping_status":"closed","template":"","meta":{"_uag_custom_page_level_css":"","site-sidebar-layout":"no-sidebar","site-content-layout":"page-builder","ast-site-content-layout":"default","site-content-style":"default","site-sidebar-style":"default","ast-global-header-display":"","ast-banner-title-visibility":"","ast-main-header-display":"","ast-hfb-above-header-display":"","ast-hfb-below-header-display":"","ast-hfb-mobile-header-display":"","site-post-title":"disabled","ast-breadcrumbs-content":"","ast-featured-img":"disabled","footer-sml-layout":"","ast-disable-related-posts":"","theme-transparent-header-meta":"default","adv-header-id-meta":"","stick-header-meta":"","header-above-stick-meta":"","header-main-stick-meta":"","header-below-stick-meta":"","astra-migrate-meta-layouts":"default","ast-page-background-enabled":"default","ast-page-background-meta":{"desktop":{"background-color":"","background-image":"","background-repeat":"repeat","background-position":"center center","background-size":"auto","background-attachment":"scroll","background-type":"","background-media":"","overlay-type":"","overlay-color":"","overlay-opacity":"","overlay-gradient":""},"tablet":{"background-color":"","background-image":"","background-repeat":"repeat","background-position":"center center","background-size":"auto","background-attachment":"scroll","background-type":"","background-media":"","overlay-type":"","overlay-color":"","overlay-opacity":"","overlay-gradient":""},"mobile":{"background-color":"","background-image":"","background-repeat":"repeat","background-position":"center center","background-size":"auto","background-attachment":"scroll","background-type":"","background-media":"","overlay-type":"","overlay-color":"","overlay-opacity":"","overlay-gradient":""}},"ast-content-background-meta":{"desktop":{"background-color":"var(--ast-global-color-5)","background-image":"","background-repeat":"repeat","background-position":"center center","background-size":"auto","background-attachment":"scroll","background-type":"","background-media":"","overlay-type":"","overlay-color":"","overlay-opacity":"","overlay-gradient":""},"tablet":{"background-color":"var(--ast-global-color-5)","background-image":"","background-repeat":"repeat","background-position":"center center","background-size":"auto","background-attachment":"scroll","background-type":"","background-media":"","overlay-type":"","overlay-color":"","overlay-opacity":"","overlay-gradient":""},"mobile":{"background-color":"var(--ast-global-color-5)","background-image":"","background-repeat":"repeat","background-position":"center center","background-size":"auto","background-attachment":"scroll","background-type":"","background-media":"","overlay-type":"","overlay-color":"","overlay-opacity":"","overlay-gradient":""}},"footnotes":""},"class_list":["post-1598","page","type-page","status-publish","hentry"],"uagb_featured_image_src":{"full":false,"thumbnail":false,"medium":false,"medium_large":false,"large":false,"1536x1536":false,"2048x2048":false,"trp-custom-language-flag":false},"uagb_author_info":{"display_name":"UrsMarthaler","author_link":"https:\/\/parkplatzkontrolle.ch\/fr\/author\/ursmarthaler\/"},"uagb_comment_info":0,"uagb_excerpt":"Wir haben die L\u00f6sung f\u00fcr Falschparker Blockieren Falschparker r\u00fccklichtslos Parkpl\u00e4tze, welche f\u00fcr Ihre G\u00e4ste gedacht sind?&nbsp; Dem k\u00f6nnen Sie ganz einfach ein Ende setzen. Mit unserer Parkplatzkontrolle-App fotografieren Sie einfach schnell das illegal abgestellte Fahrzeug und \u00fcbermitteln uns das Bild per Fingerwisch. Es entsteht dabei eine Umtriebsentsch\u00e4digung von CHF 60.\u2013. F\u00fcr Sie bleibt das Ganze\u2026","_links":{"self":[{"href":"https:\/\/parkplatzkontrolle.ch\/fr\/wp-json\/wp\/v2\/pages\/1598","targetHints":{"allow":["GET"]}}],"collection":[{"href":"https:\/\/parkplatzkontrolle.ch\/fr\/wp-json\/wp\/v2\/pages"}],"about":[{"href":"https:\/\/parkplatzkontrolle.ch\/fr\/wp-json\/wp\/v2\/types\/page"}],"author":[{"embeddable":true,"href":"https:\/\/parkplatzkontrolle.ch\/fr\/wp-json\/wp\/v2\/users\/7"}],"replies":[{"embeddable":true,"href":"https:\/\/parkplatzkontrolle.ch\/fr\/wp-json\/wp\/v2\/comments?post=1598"}],"version-history":[{"count":11,"href":"https:\/\/parkplatzkontrolle.ch\/fr\/wp-json\/wp\/v2\/pages\/1598\/revisions"}],"predecessor-version":[{"id":4381,"href":"https:\/\/parkplatzkontrolle.ch\/fr\/wp-json\/wp\/v2\/pages\/1598\/revisions\/4381"}],"wp:attachment":[{"href":"https:\/\/parkplatzkontrolle.ch\/fr\/wp-json\/wp\/v2\/media?parent=1598"}],"curies":[{"name":"wp","href":"https:\/\/api.w.org\/{rel}","templated":true}]}}